{"id":213,"date":"2017-01-17T17:57:24","date_gmt":"2017-01-17T17:57:24","guid":{"rendered":"http:\/\/www.imligatures.com\/?page_id=213"},"modified":"2017-06-08T11:08:31","modified_gmt":"2017-06-08T11:08:31","slug":"gema-gonzalez-chacon","status":"publish","type":"page","link":"https:\/\/www.imligatures.com\/?page_id=213","title":{"rendered":"Gemma Gonz\u00e1lez Chac\u00f3n"},"content":{"rendered":"<p><b><i>Gemma Gonz\u00e1lez Chac\u00f3n (Clarinetista)<\/i><\/b><\/p>\n<p><img loading=\"lazy\" decoding=\"async\" class=\"wp-image-206 alignleft\" src=\"http:\/\/www.imligatures.com\/wp-content\/uploads\/2017\/01\/DSC8572--187x300.jpg\" alt=\"\" width=\"116\" height=\"186\" srcset=\"https:\/\/www.imligatures.com\/wp-content\/uploads\/2017\/01\/DSC8572--187x300.jpg 187w, https:\/\/www.imligatures.com\/wp-content\/uploads\/2017\/01\/DSC8572--768x1229.jpg 768w, https:\/\/www.imligatures.com\/wp-content\/uploads\/2017\/01\/DSC8572--640x1024.jpg 640w, https:\/\/www.imligatures.com\/wp-content\/uploads\/2017\/01\/DSC8572--1140x1824.jpg 1140w, https:\/\/www.imligatures.com\/wp-content\/uploads\/2017\/01\/DSC8572--552x883.jpg 552w\" sizes=\"auto, (max-width: 116px) 100vw, 116px\" \/>Para m\u00ed las <a href=\"http:\/\/store.imligatures.com\">abrazaderas IM<\/a> son una revoluci\u00f3n en cuanto a su colocaci\u00f3n confiriendo una gran estabilidad y un ajuste perfecto de la ca\u00f1a. Me gustan por su sonido amplio y su gran riqueza de colores. Responde perfectamente a mis expectativas de sonido en cada momento y en la b\u00fasqueda de sonoridades acordes a cada momento musical.<\/p>\n<p><span style=\"text-decoration: underline;\">CARACTERISTICAS<\/span><br \/>\nEs una abrazadera de muy f\u00e1cil y r\u00e1pida colocaci\u00f3n. Con un solo gesto se coloca y no se mueve. Produce una presi\u00f3n exacta en la ca\u00f1a dej\u00e1ndola libre para vibrar.<br \/>\nTiene dos posibles posiciones; con la apertura del cilindro interior en la ca\u00f1a o con la parte cerrada en la ca\u00f1a. Cada posici\u00f3n confiere unas cualidades ligeramente diferentes.<br \/>\nAdem\u00e1s se pueden intercambiar los diferentes materiales.<\/p>\n<p style=\"text-align: justify;\"><span style=\"text-decoration: underline;\">ABRAZADERA DE TITANIO<img loading=\"lazy\" decoding=\"async\" class=\"size-medium wp-image-201 alignright\" src=\"http:\/\/www.imligatures.com\/wp-content\/uploads\/2017\/01\/DSC8578--200x300.jpg\" alt=\"\" width=\"200\" height=\"300\" srcset=\"https:\/\/www.imligatures.com\/wp-content\/uploads\/2017\/01\/DSC8578--200x300.jpg 200w, https:\/\/www.imligatures.com\/wp-content\/uploads\/2017\/01\/DSC8578--768x1152.jpg 768w, https:\/\/www.imligatures.com\/wp-content\/uploads\/2017\/01\/DSC8578--682x1024.jpg 682w, https:\/\/www.imligatures.com\/wp-content\/uploads\/2017\/01\/DSC8578--1140x1710.jpg 1140w, https:\/\/www.imligatures.com\/wp-content\/uploads\/2017\/01\/DSC8578--552x828.jpg 552w\" sizes=\"auto, (max-width: 200px) 100vw, 200px\" \/><\/span><br \/>\n<img loading=\"lazy\" decoding=\"async\" class=\"size-medium wp-image-202 alignleft\" src=\"http:\/\/www.imligatures.com\/wp-content\/uploads\/2017\/01\/DSC8580--300x200.jpg\" alt=\"\" width=\"300\" height=\"200\" srcset=\"https:\/\/www.imligatures.com\/wp-content\/uploads\/2017\/01\/DSC8580--300x200.jpg 300w, https:\/\/www.imligatures.com\/wp-content\/uploads\/2017\/01\/DSC8580--768x512.jpg 768w, https:\/\/www.imligatures.com\/wp-content\/uploads\/2017\/01\/DSC8580--1024x683.jpg 1024w, https:\/\/www.imligatures.com\/wp-content\/uploads\/2017\/01\/DSC8580--1140x760.jpg 1140w, https:\/\/www.imligatures.com\/wp-content\/uploads\/2017\/01\/DSC8580--552x368.jpg 552w\" sizes=\"auto, (max-width: 300px) 100vw, 300px\" \/>El Titanio produce un sonido con unas cualidades excepcionales. Proporciona un sonido rico en arm\u00f3nicos, c\u00e1lido, redondo, con gran facilidad para pian\u00edsimos sutiles\u00a0 y fuertes compactos a la vez que confiere\u00a0una gran proyecci\u00f3n. El staccato\u00a0 es ligero y\u00a0 \u00e1gil\u00a0 y de f\u00e1cil y precisa\u00a0 emisi\u00f3n en el ataque. Es una abrazadera muy recomendable para salas grandes o solistas en grandes agrupaciones u orquestas.<\/p>\n<p style=\"text-align: justify;\"><img loading=\"lazy\" decoding=\"async\" class=\"size-medium wp-image-205 alignright\" src=\"http:\/\/www.imligatures.com\/wp-content\/uploads\/2017\/01\/DSC8585--300x200.jpg\" alt=\"\" width=\"300\" height=\"200\" srcset=\"https:\/\/www.imligatures.com\/wp-content\/uploads\/2017\/01\/DSC8585--300x200.jpg 300w, https:\/\/www.imligatures.com\/wp-content\/uploads\/2017\/01\/DSC8585--768x512.jpg 768w, https:\/\/www.imligatures.com\/wp-content\/uploads\/2017\/01\/DSC8585--1024x683.jpg 1024w, https:\/\/www.imligatures.com\/wp-content\/uploads\/2017\/01\/DSC8585--1140x760.jpg 1140w, https:\/\/www.imligatures.com\/wp-content\/uploads\/2017\/01\/DSC8585--552x368.jpg 552w\" sizes=\"auto, (max-width: 300px) 100vw, 300px\" \/><br \/>\n<a href=\"http:\/\/store.imligatures.com\/home\/6-niobe-clarinete.html\"><span style=\"text-decoration: underline;\">ABRAZADERA DE BRONCE<\/span><\/a><br \/>\nEl bronce produce un sonido claro, brillante pero a la vez con car\u00e1cter y presencia sonora potenciando los arm\u00f3nicos.\u00a0 Proporciona un staccato ligero y una emisi\u00f3n clara y precisa.<\/p>\n<p style=\"text-align: justify;\"><span style=\"text-decoration: underline;\">ABRAZADERA DE COBRE<\/span><br \/>\nEl cobre resalta m\u00e1s los arm\u00f3nicos agudos por lo que produce\u00a0 un sonido m\u00e1s penetrante,\u00a0 timbrado y brillante.\u00a0 Articulaci\u00f3n ligera y con facilidad de emisi\u00f3n.<\/p>\n<p style=\"text-align: justify;\"><a href=\"http:\/\/store.imligatures.com\/home\/7-kleos-clarinet.html\"><span style=\"text-decoration: underline;\">ABRAZADERA DE MADERA<\/span><\/a><br \/>\nLa madera de brezo produce una gran dulzura y riqueza t\u00edmbrica, compacta y ligeramente m\u00e1s oscura que las de metal ya que absorbe algunos arm\u00f3nicos agudos. Ideal cuando se busca un sonido dulce y aterciopelado. Perfecto para salas peque\u00f1as o grupos de c\u00e1mara.<\/p>\n<p>&nbsp;<\/p>\n<div><em><strong>CURRICULUM GEMMA GONZ\u00c1LEZ<\/strong><\/em><\/div>\n<div style=\"text-align: justify; padding-left: 60px;\">\u00a0\u00a0\u00a0\u00a0 Las inquietudes musicales de Gemma Gonz\u00e1lez le han hecho forjarse una rica y profunda formaci\u00f3n art\u00edstica que abarca los m\u00e1s diversos estilos y las m\u00e1s variadas facetas musicales. De la m\u00fasica cl\u00e1sica a la m\u00fasica celta, pasando por el tango; de clarinetista y acordeonista a directora de orquesta o profesora de conservatorio.<br \/>\nRealiza sus estudios oficiales de acorde\u00f3n y clarinete en los Conservatorios Superiores de Barcelona y Madrid, obteniendo los t\u00edtulos de Profesor Superior de Acorde\u00f3n y Clarinete con las m\u00e1ximas calificaciones y\u00a0 teniendo como profesores a M\u00e1ximo Mu\u00f1oz, Miguel Rom\u00e9a y Justo Sanz, entre otros.<br \/>\nCompleta su formaci\u00f3n asistiendo a numerosos cursos de perfeccionamiento con eminentes clarinetistas, acordeonistas, pedagogos, directores de orquesta y compositores, como: Carles Riera, Jean Louis Sajot,\u00a0\u00a0 Guy Deplus, Eric Hoeprich, Miguel Espejo, Oleg Sharov, Ferenc Rados, Emilio Molina, destacando un a\u00f1o de perfeccionamiento en La Ecole Normale de musique \u201cAlfred Cortot\u201d de Par\u00eds y otros dos en la \u201cAcademia Lorenzo Perosi\u201d de Mil\u00e1n.<br \/>\nDedica especial atenci\u00f3n a la m\u00fasica de c\u00e1mara, formando d\u00fao con Alejandro Moreno y siendo miembro del grupo de clarinetes \u201cFive &amp; One\u201d y de la Orquesta de acordeones \u201cSeptium\u201d de Madrid. Con dichas agrupaciones ha realizado numerosas actuaciones en Espa\u00f1a y Francia (Madrid, Burgos, Santander, Sant Etienne, Brest, etc\u2026). Sus conciertos han sido retransmitidos por radio y televisi\u00f3n y ha obtenido numerosos galardones, destacando el primer premio en el \u201cPrix Internacional\u201d, y el segundo premio en el \u201cCertamen Internacional Reina Sof\u00eda\u201d. Adem\u00e1s ha colaborado en la elaboraci\u00f3n de diversos C.D y recientemente ha sido reconocida con los \u201cGalardones Signo a la cultura\u201d, por su trabajo en el mundo de la m\u00fasica.<br \/>\nProfundamente interesada por las diferentes corrientes musicales que se abren paso en nuestros d\u00edas, Gemma Gonz\u00e1lez no s\u00f3lo limita su actividad musical al estilo cl\u00e1sico, sino que adem\u00e1s es miembro del Grupo de m\u00fasica celta-folk \u201cConFussion\u201d, con el que ha actuado en diversos festivales en Espa\u00f1a,\u00a0 del \u201cD\u00fao Launeddas\u201d con el que viene desarrollando desde 1999 un importante trabajo en la difusi\u00f3n de los tangos del genial compositor argentino Astor Piazzolla, y del \u201cOrqu\u00eddea Jazz Band\u201d, formaci\u00f3n muy interesada en la improvisaci\u00f3n.<br \/>\nActualmente imparte clases de clarinete en el Conservatorio Profesional de M\u00fasica de Getafe, en Madrid, siendo adem\u00e1s, directora de la banda de la \u201cFederaci\u00f3n Regional de Sociedades Musicales\u00a0 de la Comunidad de Madrid\u201d,\u00a0 directora de la Orquesta de C\u00e1mara de los Cursos de Verano \u201cCiudad de Parla\u201d que se vienen desarrollando desde 2001 y desde\u00a0\u00a0 abril de 2008 es directora de la banda de la Asociaci\u00f3n M\u00fasico-Cultural \u201cUni\u00f3n Musical de San Mart\u00edn de Valdeiglesias (Madrid)\u201d.<\/div>\n","protected":false},"excerpt":{"rendered":"<p class=\"post-excerpt\">Gemma Gonz\u00e1lez Chac\u00f3n (Clarinetista) Para m\u00ed las abrazaderas IM son una revoluci\u00f3n en cuanto a su colocaci\u00f3n confiriendo una gran&#8230;<\/p>\n","protected":false},"author":1,"featured_media":0,"parent":0,"menu_order":0,"comment_status":"closed","ping_status":"closed","template":"","meta":{"footnotes":""},"class_list":["post-213","page","type-page","status-publish","hentry"],"_links":{"self":[{"href":"https:\/\/www.imligatures.com\/index.php?rest_route=\/wp\/v2\/pages\/213","targetHints":{"allow":["GET"]}}],"collection":[{"href":"https:\/\/www.imligatures.com\/index.php?rest_route=\/wp\/v2\/pages"}],"about":[{"href":"https:\/\/www.imligatures.com\/index.php?rest_route=\/wp\/v2\/types\/page"}],"author":[{"embeddable":true,"href":"https:\/\/www.imligatures.com\/index.php?rest_route=\/wp\/v2\/users\/1"}],"replies":[{"embeddable":true,"href":"https:\/\/www.imligatures.com\/index.php?rest_route=%2Fwp%2Fv2%2Fcomments&post=213"}],"version-history":[{"count":10,"href":"https:\/\/www.imligatures.com\/index.php?rest_route=\/wp\/v2\/pages\/213\/revisions"}],"predecessor-version":[{"id":514,"href":"https:\/\/www.imligatures.com\/index.php?rest_route=\/wp\/v2\/pages\/213\/revisions\/514"}],"wp:attachment":[{"href":"https:\/\/www.imligatures.com\/index.php?rest_route=%2Fwp%2Fv2%2Fmedia&parent=213"}],"curies":[{"name":"wp","href":"https:\/\/api.w.org\/{rel}","templated":true}]}}