{"id":227,"date":"2017-01-26T12:50:51","date_gmt":"2017-01-26T12:50:51","guid":{"rendered":"http:\/\/www.imligatures.com\/?page_id=227"},"modified":"2017-04-18T11:51:43","modified_gmt":"2017-04-18T11:51:43","slug":"juan-carlos-navas-mena","status":"publish","type":"page","link":"https:\/\/www.imligatures.com\/?page_id=227","title":{"rendered":"Juan Carlos Navas Mena"},"content":{"rendered":"<p><strong>Juan Carlos Navas Mena (Saxofonista y Compositor) <\/strong><\/p>\n<p><img loading=\"lazy\" decoding=\"async\" class=\" wp-image-476 alignleft\" src=\"http:\/\/www.imligatures.com\/wp-content\/uploads\/2017\/01\/minijuan-300x256.jpg\" alt=\"\" width=\"215\" height=\"185\" \/><i>\u201cDesde hace m\u00e1s de 10 a\u00f1os llevo utilizando las maravillosas abrazaderas de I.M.<\/i><\/p>\n<p style=\"text-align: justify;\"><i>Para cada interpretaci\u00f3n he buscado y he encontrado el timbre justo para ese momento y estilo. Cada material confiere un tacto musical elegante a la vez que evocador, todo ello junto al revolucionario sistema de ajuste en el que se evita el estrangulamiento de la ca\u00f1a o por el contrario la no firmeza de la misma a la boquilla.<\/i><img loading=\"lazy\" decoding=\"async\" class=\"size-full wp-image-240 alignright\" src=\"http:\/\/www.imligatures.com\/wp-content\/uploads\/2017\/01\/foto-1.jpg\" alt=\"\" width=\"183\" height=\"228\" \/><\/p>\n<p style=\"text-align: justify;\"><i>La facilidad de colocaci\u00f3n de la misma confiere una r\u00e1pida respuesta a la hora de cambiar de saxof\u00f3n en una pieza musical garantizando en muy poco tiempo el agarre preciso \u00a0y en el punto justo de la longitud de la tabla.<\/i><\/p>\n<p style=\"text-align: justify;\"><i>\u00a0Los diferentes modelos y materiales ( cobre , plata y titanio) que actualmente existen se comportan de una forma ergon\u00f3mica perfecta con diferentes di\u00e1metros <\/i><img loading=\"lazy\" decoding=\"async\" class=\" wp-image-241 alignleft\" src=\"http:\/\/www.imligatures.com\/wp-content\/uploads\/2017\/01\/foto-2-213x300.jpg\" alt=\"\" width=\"242\" height=\"336\" \/><i>adapt\u00e1ndose a los modelos m\u00e1s convencionales de boquilla tanto\u00a0 Cl\u00e1sico (Vandoren ,Selmer, Yamaha ..)\u00a0 as\u00ed como en Jazz, ( Otto Link, Meyer ..),evitando los tornillos convencionales para su ajuste.<\/i><\/p>\n<p style=\"text-align: justify;\"><em>\u00a0<\/em><em>Lo m\u00e1s destacable de este tipo de abrazaderas ,en mi opini\u00f3n, es su r\u00e1pido ajuste , su bonito dise\u00f1o y su sonoridad compacta y homog\u00e9nea..<\/em><\/p>\n<p style=\"text-align: justify;\"><em>\u00a0<\/em><em>Mi enhorabuena a I.M por este gran descubrimiento que no dejara indiferente a tod@s los m\u00fasicos que quieran descubrir una sensaci\u00f3n nueva en el mundo de la interpretaci\u00f3n musical.\u201d<\/em><\/p>\n<p style=\"text-align: justify;\"><em>\u00a0<\/em><em>Juan Carlos Navas<\/em><\/p>\n<p style=\"text-align: justify;\"><em>(Profesor de Saxof\u00f3n, Compositor)<\/em><img loading=\"lazy\" decoding=\"async\" class=\"size-medium wp-image-242 aligncenter\" src=\"http:\/\/www.imligatures.com\/wp-content\/uploads\/2017\/01\/foto-3-195x300.jpg\" alt=\"\" width=\"195\" height=\"300\" srcset=\"https:\/\/www.imligatures.com\/wp-content\/uploads\/2017\/01\/foto-3-195x300.jpg 195w, https:\/\/www.imligatures.com\/wp-content\/uploads\/2017\/01\/foto-3.jpg 262w\" sizes=\"auto, (max-width: 195px) 100vw, 195px\" \/><\/p>\n<p style=\"text-align: justify;\"><strong><em><u>Curr\u00edculo\u00a0 Vitae<\/u><\/em><\/strong><strong><em>\u00a0<\/em><\/strong><\/p>\n<p style=\"text-align: justify;\"><strong><em>Juan Carlos Navas Mena\u00a0\u00a0<\/em><\/strong><strong><em>\u00a0(Compositor y Profesor de\u00a0 Saxof\u00f3n)\u00a0\u00a0\u00a0\u00a0\u00a0\u00a0\u00a0\u00a0\u00a0\u00a0\u00a0\u00a0 <\/em><\/strong><\/p>\n<p style=\"text-align: justify;\"><strong><em>\u00a0<\/em><\/strong>Natural\u00a0 de Madrid\u00a0 comienzas sus primeras andaduras musicales en 1985 realiza las pruebas de acceso libre en el Conservatorio Superior de M\u00fasica de Opera consiguiendo las m\u00e1s altas calificaciones siendo al a\u00f1o siguiente cuando comienza sus estudios oficiales de Saxof\u00f3n en el Conservatorio de Amaniel\u00a0 (Madrid) con los profesores D. Miguel Castillo, D. Jos\u00e9 Manuel Zaragoza\u00a0\u00a0 (Catedr\u00e1tico del Conservatorio de Alicante)\u00a0\u00a0 y D. Manuel Mijan (Catedr\u00e1tico del Conservatorio Superior de Madrid) consiguiendo con este \u00faltimo Matr\u00edcula de Honor y Premio de Honor.<\/p>\n<p style=\"text-align: justify;\">Perfecciona sus estudios m\u00e1s tarde con profesores de reconocido prestigio en el \u00e1mbito musical internacional como son D.Serge Bichon, D. Daniel Deffayet,D\u00aa Marie-Bernadette Charrier,D. J.Y.Formeau, D.A.Bornkamp, D.Claude Delangle y\u00a0 D.Jean Marie Londeix.<\/p>\n<p style=\"text-align: justify;\">Dentro de su experiencia docente cabe destacar la de Profesor del Centro\u00a0 Cultural Galileo-Galilei\u00a0 de Madrid\u00a0 entre\u00a0 1996\u00a0 y\u00a0\u00a0 1997 y Profesor de M\u00fasica en el I.E.S \u201cMiguel de Cervantes Saavedra\u201d de Alc\u00e1zar de San Juan.<\/p>\n<p style=\"text-align: justify;\">Ha sido saxof\u00f3n solista del Ateneo Cultural 1\u00ba de Mayo de Madrid y miembro del cuarteto de Saxofones del Real Conservatorio de M\u00fasica de Madrid en los a\u00f1os 94 y 95 bajo la Catedra de D. Manuel Mijan.<\/p>\n<p style=\"text-align: justify;\">Act\u00faa como solista en\u00a0 los conciertos del Centenario \u201cAdolphe Sax\u201d celebrados en Madrid , conciertos que fueron grabados \u00edntegramente por R.N.E.<\/p>\n<p style=\"text-align: justify;\">Participa en numerosas grabaciones de TVE as\u00ed como en diversas cadenas de radio, Onda cero y\u00a0 R.N.E entre otras colaborando en el estreno de obras dedicadas al Saxof\u00f3n de autores como Ram\u00f3n Barce, Jes\u00fas Villarejo\u00a0 y \u00c1lvaro Guibert.<\/p>\n<p style=\"text-align: justify;\">Director de la Banda de M\u00fasica del Conservatorio Profesional \u201cPablo Soroz\u00e1bal\u201d y Profesor de Saxof\u00f3n en el mismo durante los a\u00f1os 1999 y 2002.<\/p>\n<p style=\"text-align: justify;\">Desde el a\u00f1o 2001 imparte el Curso de M\u00fasica Instrumental \u201cJacinto Guerrero\u201d que se celebra en Almod\u00f3var del Campo (C.Real).<\/p>\n<p style=\"text-align: justify;\">Compagina su labor docente con la actividad concert\u00edstica junto a D. Antonio Zapata Bosch a trav\u00e9s del D\u00fao Remembranzas en una amplia trayectoria de conciertos en los \u00f3rganos ib\u00e9ricos espa\u00f1oles participando en todas las ediciones del \u201cCiclo Internacional de \u00d3rgano Ib\u00e9rico de Torre de Juan Abad.\u201d<\/p>\n<p style=\"text-align: justify;\">Ha formado parte en los Tribunales de Concursos Instrumentales convocados por diversas asociaciones y por la Junta de Comunidades de Castilla la Mancha.<\/p>\n<p style=\"text-align: justify;\">Representante de las nuevas tendencias de investigaci\u00f3n\u00a0 ac\u00fastica en\u00a0 el Musikmesse de Frankfurt 2012-2014 y en Bangkok (Tailandia) en el 2009.<\/p>\n<p style=\"text-align: justify;\">Invitado por WoodStone en Jap\u00f3n para participar en la muestra de nuevos prototipos sonoros.<\/p>\n<p style=\"text-align: justify;\">Compositor de numerosas obras entre las que cabe destacar el poema sinf\u00f3nico \u201cQuijofonias\u201d ,encargo por el Instituto Cervantes\u00a0 para la conmemoraci\u00f3n del IV Centenario de la salida de la segunda parte del libro\u00a0 \u201cDon Quijote de la Mancha. Obra culmen en los conciertos en realizados en Toro (Zamora) para el Ciclo \u201cLas\u00a0 Edades del Hombre\u201d 2016.<\/p>\n<p style=\"text-align: justify;\">Sus obras han sido dirigidas por numerosas orquestas como la Orquesta Orfeo, Sinf\u00f3nica y Coro de Ja\u00e9n, Orquesta Profesional del Conservatorio de Alc\u00e1zar-Criptana, Orquesta\u00a0 Sinf\u00f3nica\u00a0 de Alc\u00e1zar de San Juan entre otras.<\/p>\n<p style=\"text-align: justify;\">En la actualidad es funcionario por oposici\u00f3n en la especialidad de Saxof\u00f3n e imparte su docencia en los Conservatorios Profesionales de M\u00fasica de Alc\u00e1zar de San Juan y Campo de Criptana.<\/p>\n","protected":false},"excerpt":{"rendered":"<p class=\"post-excerpt\">Juan Carlos Navas Mena (Saxofonista y Compositor) \u201cDesde hace m\u00e1s de 10 a\u00f1os llevo utilizando las maravillosas abrazaderas de I.M&#8230;.<\/p>\n","protected":false},"author":1,"featured_media":0,"parent":0,"menu_order":0,"comment_status":"closed","ping_status":"closed","template":"","meta":{"footnotes":""},"class_list":["post-227","page","type-page","status-publish","hentry"],"_links":{"self":[{"href":"https:\/\/www.imligatures.com\/index.php?rest_route=\/wp\/v2\/pages\/227","targetHints":{"allow":["GET"]}}],"collection":[{"href":"https:\/\/www.imligatures.com\/index.php?rest_route=\/wp\/v2\/pages"}],"about":[{"href":"https:\/\/www.imligatures.com\/index.php?rest_route=\/wp\/v2\/types\/page"}],"author":[{"embeddable":true,"href":"https:\/\/www.imligatures.com\/index.php?rest_route=\/wp\/v2\/users\/1"}],"replies":[{"embeddable":true,"href":"https:\/\/www.imligatures.com\/index.php?rest_route=%2Fwp%2Fv2%2Fcomments&post=227"}],"version-history":[{"count":7,"href":"https:\/\/www.imligatures.com\/index.php?rest_route=\/wp\/v2\/pages\/227\/revisions"}],"predecessor-version":[{"id":478,"href":"https:\/\/www.imligatures.com\/index.php?rest_route=\/wp\/v2\/pages\/227\/revisions\/478"}],"wp:attachment":[{"href":"https:\/\/www.imligatures.com\/index.php?rest_route=%2Fwp%2Fv2%2Fmedia&parent=227"}],"curies":[{"name":"wp","href":"https:\/\/api.w.org\/{rel}","templated":true}]}}