{"id":261,"date":"2017-01-26T17:29:37","date_gmt":"2017-01-26T17:29:37","guid":{"rendered":"http:\/\/www.imligatures.com\/?page_id=261"},"modified":"2017-06-08T11:10:13","modified_gmt":"2017-06-08T11:10:13","slug":"niobe","status":"publish","type":"page","link":"https:\/\/www.imligatures.com\/?page_id=261","title":{"rendered":"NIOBE"},"content":{"rendered":"<h1 style=\"text-align: center;\"><i>El sonido\u00a0m\u00e1s potente.<\/i><\/h1>\n<h1 style=\"text-align: justify;\"><\/h1>\n<p style=\"text-align: justify;\"><span style=\"font-size: 18pt;\"><span style=\"font-size: 24pt;\"><span style=\"font-size: 18pt;\"><i><span style=\"font-size: 24pt;\"><img loading=\"lazy\" decoding=\"async\" class=\" wp-image-442 alignleft\" src=\"http:\/\/www.imligatures.com\/wp-content\/uploads\/2017\/01\/niobe-1-300x206.jpg\" alt=\"\" width=\"230\" height=\"161\" \/><\/span><\/i><\/span><i>\u00bfQu\u00e9 locura es esta de anteponer unos dioses de los que s\u00f3lo se ha o\u00eddo hablar a dioses de verdad?<\/i><\/span><\/span><\/p>\n<p>Ovidio, Metamorfosis.<\/p>\n<hr \/>\n<p style=\"text-align: justify;\">\u00bfAun piensas que la abrazadera s\u00f3lo es un componente menor que no aporta nada?<\/p>\n<p style=\"text-align: justify;\"><img loading=\"lazy\" decoding=\"async\" class=\"wp-image-441 alignright\" src=\"http:\/\/www.imligatures.com\/wp-content\/uploads\/2017\/01\/niobe-2-300x191.jpg\" alt=\"\" width=\"281\" height=\"182\" \/>Desde I.M. presentamos <strong>Niobe, <\/strong>la abrazadera mas descarada, con ella conseguir\u00e1s un sonido brillante, con gran riqueza arm\u00f3nica, adem\u00e1s de unos graves mas suaves y unos agudos penetrantes.<\/p>\n<p style=\"text-align: justify;\">Atr\u00e9vete a cambiar tu idea sobre las abrazaderas.<\/p>\n<p style=\"text-align: justify;\">Fabricada en Bronce 100%, dota al sonido de una gran riqueza arm\u00f3nica y una gran facilidad de emisi\u00f3n y proyecci\u00f3n sonora.<\/p>\n<p style=\"text-align: justify;\"><img loading=\"lazy\" decoding=\"async\" class=\"wp-image-443 alignleft\" src=\"http:\/\/www.imligatures.com\/wp-content\/uploads\/2017\/01\/niobe-3-300x191.jpg\" alt=\"\" width=\"281\" height=\"182\" \/>El innovador dise\u00f1o de doble aro de I.M. hacen que boquilla y\u00a0la ca\u00f1a formen una simbiosis \u00fanica, creando as\u00ed un \u00fanico cuerpo, reduciendo al m\u00e1ximo las imperfecciones del sonido y dot\u00e1ndolo de una calidad nunca vista.<\/p>\n<p style=\"text-align: justify;\">Nuestra abrazadera\u00a0Niobe I.M. no estrangula la ca\u00f1a. Nunca el principio de la palabra \u00ababrazadera\u00bb\u00a0estuvo tan presente.\u00a0Niobe distribuye la presi\u00f3n de forma homog\u00e9nea a lo largo de la ca\u00f1a, no da\u00f1ando las fibras de la misma y permitiendo\u00a0su m\u00e1ximo rendimiento.<\/p>\n<hr \/>\n<p style=\"text-align: justify;\"><span style=\"text-decoration: underline;\"><em><strong>Caracter\u00edsticas sonoras\u00a0Niobe I.M.:<\/strong><\/em><\/span><\/p>\n<ul style=\"list-style-type: circle;\">\n<li style=\"text-align: left;\">Sonido mas brillante<\/li>\n<li style=\"text-align: left;\">Gran riqueza arm\u00f3nica<\/li>\n<li style=\"text-align: left;\">Graves mas suaves y agudos penetrantes<\/li>\n<li style=\"text-align: left;\">Facilidad de emisi\u00f3n.<\/li>\n<\/ul>\n<hr \/>\n<p style=\"padding-left: 60px;\"><em><strong>I.M. Ligatures<\/strong><\/em><\/p>\n<ul>\n<li style=\"text-align: justify;\">Dos posiciones.<\/li>\n<li style=\"text-align: justify;\">Dos estilos.<\/li>\n<li style=\"text-align: justify;\">Misma abrazadera.<\/li>\n<\/ul>\n<p><a href=\"http:\/\/store.imligatures.com\/\"><img loading=\"lazy\" decoding=\"async\" class=\"size-medium wp-image-426 aligncenter\" src=\"http:\/\/www.imligatures.com\/wp-content\/uploads\/2017\/01\/logo-web-2-300x113.png\" alt=\"\" width=\"300\" height=\"113\" srcset=\"https:\/\/www.imligatures.com\/wp-content\/uploads\/2017\/01\/logo-web-2-300x113.png 300w, https:\/\/www.imligatures.com\/wp-content\/uploads\/2017\/01\/logo-web-2-552x207.png 552w, https:\/\/www.imligatures.com\/wp-content\/uploads\/2017\/01\/logo-web-2.png 640w\" sizes=\"auto, (max-width: 300px) 100vw, 300px\" \/><\/a><\/p>\n","protected":false},"excerpt":{"rendered":"<p class=\"post-excerpt\">El sonido\u00a0m\u00e1s potente. \u00bfQu\u00e9 locura es esta de anteponer unos dioses de los que s\u00f3lo se ha o\u00eddo hablar a&#8230;<\/p>\n","protected":false},"author":3,"featured_media":0,"parent":0,"menu_order":0,"comment_status":"closed","ping_status":"closed","template":"","meta":{"footnotes":""},"class_list":["post-261","page","type-page","status-publish","hentry"],"_links":{"self":[{"href":"https:\/\/www.imligatures.com\/index.php?rest_route=\/wp\/v2\/pages\/261","targetHints":{"allow":["GET"]}}],"collection":[{"href":"https:\/\/www.imligatures.com\/index.php?rest_route=\/wp\/v2\/pages"}],"about":[{"href":"https:\/\/www.imligatures.com\/index.php?rest_route=\/wp\/v2\/types\/page"}],"author":[{"embeddable":true,"href":"https:\/\/www.imligatures.com\/index.php?rest_route=\/wp\/v2\/users\/3"}],"replies":[{"embeddable":true,"href":"https:\/\/www.imligatures.com\/index.php?rest_route=%2Fwp%2Fv2%2Fcomments&post=261"}],"version-history":[{"count":10,"href":"https:\/\/www.imligatures.com\/index.php?rest_route=\/wp\/v2\/pages\/261\/revisions"}],"predecessor-version":[{"id":517,"href":"https:\/\/www.imligatures.com\/index.php?rest_route=\/wp\/v2\/pages\/261\/revisions\/517"}],"wp:attachment":[{"href":"https:\/\/www.imligatures.com\/index.php?rest_route=%2Fwp%2Fv2%2Fmedia&parent=261"}],"curies":[{"name":"wp","href":"https:\/\/api.w.org\/{rel}","templated":true}]}}