{"id":265,"date":"2017-01-26T17:38:29","date_gmt":"2017-01-26T17:38:29","guid":{"rendered":"http:\/\/www.imligatures.com\/?page_id=265"},"modified":"2017-06-08T11:09:16","modified_gmt":"2017-06-08T11:09:16","slug":"kleos","status":"publish","type":"page","link":"https:\/\/www.imligatures.com\/?page_id=265","title":{"rendered":"KLEOS"},"content":{"rendered":"<h1 style=\"text-align: center;\"><i>El sonido\u00a0m\u00e1s puro.<\/i><\/h1>\n<h1 style=\"text-align: justify;\"><\/h1>\n<p style=\"text-align: justify;\"><span style=\"font-size: 18pt;\"><i><img loading=\"lazy\" decoding=\"async\" class=\"wp-image-393 alignleft\" src=\"http:\/\/www.imligatures.com\/wp-content\/uploads\/2017\/01\/kleos-ab1-tienda-300x206.jpg\" alt=\"\" width=\"230\" height=\"161\" \/>No, no puedo concebir morir sin lucha ni sin gloria, sin realizar siquiera alguna haza\u00f1a cuyo relato sea conocido por los hombres del ma\u00f1ana.<\/i><\/span><\/p>\n<p><span style=\"font-size: 18pt;\">Iliada, XXII<\/span><\/p>\n<hr \/>\n<p style=\"text-align: justify;\">Desde I.M. presentamos <strong>Kleos, <\/strong>un nuevo concepto de abrazadera que proporciona un sonido jam\u00e1s escuchado antes en el mundo de la interpretaci\u00f3n musical.<\/p>\n<p style=\"text-align: justify;\">Fabricada en Madera de brezo, dota al sonido <img loading=\"lazy\" decoding=\"async\" class=\" wp-image-413 alignright\" src=\"http:\/\/www.imligatures.com\/wp-content\/uploads\/2017\/01\/kleos-1-300x206.jpg\" alt=\"\" width=\"285\" height=\"199\" \/>de un cuerpo excepcional y una gran facilidad de emisi\u00f3n y proyecci\u00f3n sonora.<\/p>\n<p style=\"text-align: justify;\">El innovador dise\u00f1o de doble aro de I.M. hacen que boquilla y\u00a0la ca\u00f1a formen una simbiosis \u00fanica, creando as\u00ed un \u00fanico cuerpo, reduciendo al m\u00e1ximo las imperfecciones del sonido y dot\u00e1ndolo de una calidad nunca vista.<img loading=\"lazy\" decoding=\"async\" class=\" wp-image-412 alignleft\" src=\"http:\/\/www.imligatures.com\/wp-content\/uploads\/2017\/01\/kleos-3-300x206.jpg\" alt=\"\" width=\"280\" height=\"196\" \/><\/p>\n<p style=\"text-align: justify;\">Nuestra abrazadera Kleos I.M. no estrangula la ca\u00f1a. Nunca el principio de la palabra \u00ababrazadera\u00bb\u00a0estuvo tan presente. Kleos distribuye la presi\u00f3n de forma homog\u00e9nea a lo largo de la ca\u00f1a, no da\u00f1ando las fibras de la misma y permitiendo\u00a0su m\u00e1ximo rendimiento.<\/p>\n<hr \/>\n<p style=\"text-align: justify;\"><span style=\"text-decoration: underline;\"><em><strong>Caracter\u00edsticas sonoras Kleos I.M.:<\/strong><\/em><\/span><\/p>\n<ul style=\"list-style-type: circle;\">\n<li style=\"text-align: left;\">Sonido mate, envolvente y delicado<\/li>\n<li style=\"text-align: left;\">Graves penetrantes y agudos mates<\/li>\n<li style=\"text-align: left;\">Proyecci\u00f3n sonora<\/li>\n<li style=\"text-align: left;\">Facilidad de emisi\u00f3n.<\/li>\n<\/ul>\n<hr \/>\n<p style=\"padding-left: 60px;\"><em><strong>I.M. Ligatures<\/strong><\/em><\/p>\n<ul>\n<li style=\"text-align: justify;\">Dos posiciones.<\/li>\n<li style=\"text-align: justify;\">Dos estilos.<\/li>\n<li style=\"text-align: justify;\">Misma abrazadera.<\/li>\n<\/ul>\n<p style=\"text-align: justify;\"><a href=\"http:\/\/store.imligatures.com\/\"><img loading=\"lazy\" decoding=\"async\" class=\"size-medium wp-image-426 aligncenter\" src=\"http:\/\/www.imligatures.com\/wp-content\/uploads\/2017\/01\/logo-web-2-300x113.png\" alt=\"\" width=\"300\" height=\"113\" srcset=\"https:\/\/www.imligatures.com\/wp-content\/uploads\/2017\/01\/logo-web-2-300x113.png 300w, https:\/\/www.imligatures.com\/wp-content\/uploads\/2017\/01\/logo-web-2-552x207.png 552w, https:\/\/www.imligatures.com\/wp-content\/uploads\/2017\/01\/logo-web-2.png 640w\" sizes=\"auto, (max-width: 300px) 100vw, 300px\" \/><\/a><\/p>\n","protected":false},"excerpt":{"rendered":"<p class=\"post-excerpt\">El sonido\u00a0m\u00e1s puro. No, no puedo concebir morir sin lucha ni sin gloria, sin realizar siquiera alguna haza\u00f1a cuyo relato&#8230;<\/p>\n","protected":false},"author":3,"featured_media":0,"parent":0,"menu_order":0,"comment_status":"closed","ping_status":"closed","template":"","meta":{"footnotes":""},"class_list":["post-265","page","type-page","status-publish","hentry"],"_links":{"self":[{"href":"https:\/\/www.imligatures.com\/index.php?rest_route=\/wp\/v2\/pages\/265","targetHints":{"allow":["GET"]}}],"collection":[{"href":"https:\/\/www.imligatures.com\/index.php?rest_route=\/wp\/v2\/pages"}],"about":[{"href":"https:\/\/www.imligatures.com\/index.php?rest_route=\/wp\/v2\/types\/page"}],"author":[{"embeddable":true,"href":"https:\/\/www.imligatures.com\/index.php?rest_route=\/wp\/v2\/users\/3"}],"replies":[{"embeddable":true,"href":"https:\/\/www.imligatures.com\/index.php?rest_route=%2Fwp%2Fv2%2Fcomments&post=265"}],"version-history":[{"count":29,"href":"https:\/\/www.imligatures.com\/index.php?rest_route=\/wp\/v2\/pages\/265\/revisions"}],"predecessor-version":[{"id":515,"href":"https:\/\/www.imligatures.com\/index.php?rest_route=\/wp\/v2\/pages\/265\/revisions\/515"}],"wp:attachment":[{"href":"https:\/\/www.imligatures.com\/index.php?rest_route=%2Fwp%2Fv2%2Fmedia&parent=265"}],"curies":[{"name":"wp","href":"https:\/\/api.w.org\/{rel}","templated":true}]}}