{"id":314,"date":"2017-02-13T19:20:02","date_gmt":"2017-02-13T19:20:02","guid":{"rendered":"http:\/\/www.imligatures.com\/?page_id=314"},"modified":"2017-03-10T08:20:16","modified_gmt":"2017-03-10T08:20:16","slug":"federico-pylinski","status":"publish","type":"page","link":"https:\/\/www.imligatures.com\/?page_id=314","title":{"rendered":"Federico Pylinski"},"content":{"rendered":"<p><em><strong><br \/>\nFederico Pylinski (El saxof\u00f3n del tango)<\/strong><\/em><\/p>\n<p style=\"text-align: justify;\"><img loading=\"lazy\" decoding=\"async\" class=\" wp-image-315 alignleft\" src=\"http:\/\/www.imligatures.com\/wp-content\/uploads\/2017\/02\/federico-300x200.jpg\" alt=\"\" width=\"450\" height=\"303\" \/>Soy Federico Pylinski. Saxofonista Argentino. Me especializo en el genero del Tango. Toco el saxof\u00f3n alto y recientemente he comenzado a tocar tambi\u00e9n el saxof\u00f3n sopranino, como ya todos deben saber, ambos en Eb.<\/p>\n<p style=\"text-align: justify;\">En la b\u00fasqueda por superarme en la calidad de <img loading=\"lazy\" decoding=\"async\" class=\" wp-image-400 alignright\" src=\"http:\/\/www.imligatures.com\/wp-content\/uploads\/2017\/02\/Federico1-300x222.jpg\" alt=\"\" width=\"450\" height=\"335\" \/>sonido he conocido a I.M. desde ya hace varios a\u00f1os. A\u00a0lo largo de\u00a0este\u00a0tiempo he comprobado la eficacia de sus productos en muchas y variadas ocasiones. La abrazadera funciona realmente\u00a0mejor que cualquier otra abrazadera que\u00a0haya probado. El sonido es mas ligado que con otras y tambi\u00e9n los stacatto o picados resultan mas espont\u00e1neos en la emisi\u00f3n. Funciona bien en todo el registro el instrumento: \u00a0agudos, medios y graves. Sinceramente, una vez que armo el equipo, con la boquilla y la ca\u00f1a, me despreocupo de ver de que no se corra o mueva para alg\u00fan lado ya que queda firme hasta que dejo de tocar, lo cual me da la libertad de pensar solo en la m\u00fasica. Ya no tengo excusas, tengo lo mejor de lo mejor, el resto depende de mi.<\/p>\n<p style=\"text-align: justify;\"><img loading=\"lazy\" decoding=\"async\" class=\" wp-image-401 alignleft\" src=\"http:\/\/www.imligatures.com\/wp-content\/uploads\/2017\/02\/Federico2-300x200.jpg\" alt=\"\" width=\"451\" height=\"304\" \/>Es un sistema muy sencillo, que para mi, por su simpleza, rapidez y efectividad, es una genialidad. La abrazadera potencia los valores de la boquilla y las cualidades de la ca\u00f1a. Particularmente, con la ca\u00f1a, noto que la hace vibrar mejor. Creanme, me he tomado el trabajo metodico de comparar la misma ca\u00f1a con diferentes abrazaderas, a modo de aprendizaje y exploraci\u00f3n sonora, realice estos estudios tambien con diferentes ca\u00f1as y boquillas y por eso afirmo que la de I.M es la mejor abrazadera que yo he probado.<\/p>\n<p style=\"text-align: justify;\">Me queda agregar que soy un apasionado por la m\u00fasica y mi m\u00fasica es el Tango.<\/p>\n<p style=\"text-align: justify;\">Les dejo aqu\u00ed una serie de links con v\u00eddeos y el enlace a mi disco.\u00a0 El grupo que he conformado se llama Oeste Tango, en el que soy arreglador y productor. En este Disco \u00abOeste tango Cuarteto\u00bb y los dem\u00e1s materiales musicales siempre utilice los productos de I.M. a quienes les agradezco infinitamente por acompa\u00f1arme en el camino de mi b\u00fasqueda art\u00edstica.<\/p>\n<p style=\"text-align: center;\">Gracias I.M. por su profesionalidad en el trabajo, su amistad y calidad humana.<\/p>\n<p style=\"text-align: center;\"><img loading=\"lazy\" decoding=\"async\" class=\" wp-image-403 aligncenter\" src=\"http:\/\/www.imligatures.com\/wp-content\/uploads\/2017\/02\/federico3-300x200.jpg\" alt=\"\" width=\"521\" height=\"351\" \/>Con Afecto y FP.<\/p>\n<p>&nbsp;<\/p>\n<p style=\"text-align: center;\" align=\"center\"><span style=\"color: #000000; font-family: Calibri;\">\u00abNo se lo que sucede pero toco mejor. Me da libertad de pensar solo en la m\u00fasica.\u00a0<\/span><\/p>\n<p style=\"text-align: center;\" align=\"center\"><span style=\"color: #000000; font-family: Calibri;\">El equipo funciona bien, en el registro grave, en el agudo &#8230; <\/span><span style=\"color: #000000; font-family: Calibri;\">entonces no tengo temor en arriesgarme en una expresi\u00f3n, me siento respaldado. Soy libre.<\/span><\/p>\n<p style=\"text-align: center;\" align=\"center\"><span style=\"color: #000000; font-family: Calibri;\">Es un sistema r\u00e1pido, efectivo y sencillo. Tan sencillo que es una genialidad.\u00bb<\/span><\/p>\n<p style=\"text-align: justify;\" align=\"center\"><span style=\"color: #000000; font-family: Calibri;\">FP &#8211; El Saxof\u00f3n del Tango<\/span><\/p>\n<p><span style=\"text-decoration: underline;\"><strong>Playlist Youtube<\/strong><\/span><\/p>\n<p><a href=\"https:\/\/www.youtube.com\/playlist?list=PL96EF4158F3D660EA\">https:\/\/www.youtube.com\/playlist?list=PL96EF4158F3D660EA<\/a><\/p>\n<p><strong><span style=\"text-decoration: underline;\">Disco OESTE TANGO CUARTETO (Facebook, Cdbaby o Spotify)<\/span><\/strong><\/p>\n<p><a href=\"https:\/\/www.facebook.com\/Oeste.Tango.Pagina\/app\/190322544333196\/?ref=page_internal\">https:\/\/www.facebook.com\/Oeste.Tango.Pagina\/app\/190322544333196\/?ref=page_internal<\/a><\/p>\n<p><a href=\"https:\/\/www.cdbaby.com\/cd\/oestetango\">https:\/\/www.cdbaby.com\/cd\/oestetango<\/a><\/p>\n<p><a href=\"https:\/\/open.spotify.com\/album\/3WxUWzGD4B3SUDP74WGqSt\">https:\/\/open.spotify.com\/album\/3WxUWzGD4B3SUDP74WGqSt<\/a><\/p>\n","protected":false},"excerpt":{"rendered":"<p class=\"post-excerpt\">Federico Pylinski (El saxof\u00f3n del tango) Soy Federico Pylinski. Saxofonista Argentino. Me especializo en el genero del Tango. Toco el&#8230;<\/p>\n","protected":false},"author":3,"featured_media":0,"parent":0,"menu_order":0,"comment_status":"closed","ping_status":"closed","template":"","meta":{"footnotes":""},"class_list":["post-314","page","type-page","status-publish","hentry"],"_links":{"self":[{"href":"https:\/\/www.imligatures.com\/index.php?rest_route=\/wp\/v2\/pages\/314","targetHints":{"allow":["GET"]}}],"collection":[{"href":"https:\/\/www.imligatures.com\/index.php?rest_route=\/wp\/v2\/pages"}],"about":[{"href":"https:\/\/www.imligatures.com\/index.php?rest_route=\/wp\/v2\/types\/page"}],"author":[{"embeddable":true,"href":"https:\/\/www.imligatures.com\/index.php?rest_route=\/wp\/v2\/users\/3"}],"replies":[{"embeddable":true,"href":"https:\/\/www.imligatures.com\/index.php?rest_route=%2Fwp%2Fv2%2Fcomments&post=314"}],"version-history":[{"count":8,"href":"https:\/\/www.imligatures.com\/index.php?rest_route=\/wp\/v2\/pages\/314\/revisions"}],"predecessor-version":[{"id":405,"href":"https:\/\/www.imligatures.com\/index.php?rest_route=\/wp\/v2\/pages\/314\/revisions\/405"}],"wp:attachment":[{"href":"https:\/\/www.imligatures.com\/index.php?rest_route=%2Fwp%2Fv2%2Fmedia&parent=314"}],"curies":[{"name":"wp","href":"https:\/\/api.w.org\/{rel}","templated":true}]}}