{"id":488,"date":"2017-05-16T19:13:06","date_gmt":"2017-05-16T19:13:06","guid":{"rendered":"http:\/\/www.imligatures.com\/?page_id=488"},"modified":"2017-05-16T19:44:09","modified_gmt":"2017-05-16T19:44:09","slug":"lidia-munoz-mora","status":"publish","type":"page","link":"https:\/\/www.imligatures.com\/?page_id=488","title":{"rendered":"Lidia Mu\u00f1oz Mora"},"content":{"rendered":"<p style=\"text-align: justify;\"><strong>\u00a0Lidia Mu\u00f1oz Mora (Saxofonista)<\/strong><\/p>\n<p style=\"text-align: justify;\"><img loading=\"lazy\" decoding=\"async\" class=\"size-medium wp-image-490 alignleft\" src=\"http:\/\/www.imligatures.com\/wp-content\/uploads\/2017\/05\/lidia1-300x200.jpg\" alt=\"\" width=\"300\" height=\"200\" \/><em>Hace tres a\u00f1os que prob\u00e9 las abrazaderas IM y desde entonces no tengo duda de que son las abrazaderas perfectas para m\u00ed.<\/em><\/p>\n<p style=\"text-align: justify;\"><em>El sistema de las abrazaderas es muy sencillo y funcional, se coloca r\u00e1pidamente y con un agarre perfecto que facilita mucho las cosas, sobre todo cuando en un concierto tienes que usar varios saxofones. El hecho de que la ca\u00f1a est\u00e9 perfectamente agarrada y no se mueva nada no quiere decir que merme sus vibraciones, al contrario, la sonoridad es m\u00e1s amplia en comparaci\u00f3n a otras abrazaderas que hab\u00eda usado anteriormente.<\/em><\/p>\n<p style=\"text-align: justify;\"><em>Yo me dedico a la m\u00fasica contempor\u00e1nea y puedo afirmar que es la abrazadera que m\u00e1s facilidad me proporciona a la hora de realizar t\u00e9cnicas extendidas como los arm\u00f3nicos, multif\u00f3nicos, slaps, entre muchas otras.<\/em><\/p>\n<p style=\"text-align: justify;\"><em>Y por \u00faltimo, quiz\u00e1 menos importante pero tambi\u00e9n un punto a su favor, es su bonito dise\u00f1o.<\/em><\/p>\n<p><em>Elegir un material para tocar es algo muy personal y cada instrumentista tiene distintas necesidades, pero recomiendo probar estas abrazaderas, estoy segura de que no dejar\u00e1n indiferentes a nadie.<\/em><img loading=\"lazy\" decoding=\"async\" class=\" wp-image-491 aligncenter\" src=\"http:\/\/www.imligatures.com\/wp-content\/uploads\/2017\/05\/lidia2-300x200.jpg\" alt=\"\" width=\"310\" height=\"210\" \/><\/p>\n<p style=\"text-align: justify;\"><strong><em><u>Curr\u00edculo\u00a0 Vitae<\/u><\/em><\/strong><strong><em>\u00a0<\/em><\/strong><\/p>\n<p style=\"text-align: justify;\"><strong><em>Lidia Mu\u00f1oz Mora\u00a0\u00a0<\/em><\/strong><strong><em>\u00a0(Saxofonista)<\/em><\/strong><\/p>\n<p style=\"text-align: justify;\">Lidia Mu\u00f1oz inicia sus estudios en el C.P.M. \u201cPablo Sorozabal\u201d de Puertollano (Ciudad Real) con los profesores Miguel Asensio y Antonio Arnedo en el Grado Elemental y los profesores Juan Carlos Navas y Luis Miguel Dom\u00ednguez en el Grado Medio. Realiza sus estudios Superiores de M\u00fasica en el C.S.M. \u201cManuel Castillo\u201d de Sevilla, con los profesores Leandro Perpi\u00f1\u00e1n y Jos\u00e9 Antonio Santos. Realiza un curso de perfeccionamiento en el Conservatorio Regional de Burdeos (Francia) con Marie-Bernadette Charrier.<\/p>\n<p style=\"text-align: justify;\">Ha actuado con la IYWO (Internacional Young Wind Orchestra) con la que realiza varios conciertos en Cincinnati (EEUU), en las jornadas realizadas por la Asociaci\u00f3n \u201cAdolphe Sax\u201d llevadas a cabo en Par\u00eds (Francia), con un concierto de saxof\u00f3n y electr\u00f3nica, en los concierto \u201cCarta Blanca\u201d organizado por el Instituto Cervantes con sede en Burdeos&#8230; Obtiene el 2\u00ba premio en el I Concurso nacional de j\u00f3venes int\u00e9rpretes en La Puebla de Almoradiel (Toledo).<\/p>\n<p>Forma parte de:<\/p>\n<p style=\"text-align: center;\">Cuarteto It\u00e1lica<\/p>\n<p style=\"text-align: center;\"><a href=\"http:\/\/cuartetoitalica.wixsite.com\/cuartetoitalica\">http:\/\/cuartetoitalica.wixsite.com\/cuartetoitalica<\/a><\/p>\n<p style=\"text-align: center;\">y d\u00fao Lisus<\/p>\n<p style=\"text-align: center;\"><a href=\"http:\/\/duolisus.wixsite.com\/duolisus\">http:\/\/duolisus.wixsite.com\/duolisus<\/a><\/p>\n<p style=\"text-align: justify;\">\n","protected":false},"excerpt":{"rendered":"<p class=\"post-excerpt\">\u00a0Lidia Mu\u00f1oz Mora (Saxofonista) Hace tres a\u00f1os que prob\u00e9 las abrazaderas IM y desde entonces no tengo duda de que&#8230;<\/p>\n","protected":false},"author":3,"featured_media":0,"parent":0,"menu_order":0,"comment_status":"closed","ping_status":"closed","template":"","meta":{"footnotes":""},"class_list":["post-488","page","type-page","status-publish","hentry"],"_links":{"self":[{"href":"https:\/\/www.imligatures.com\/index.php?rest_route=\/wp\/v2\/pages\/488","targetHints":{"allow":["GET"]}}],"collection":[{"href":"https:\/\/www.imligatures.com\/index.php?rest_route=\/wp\/v2\/pages"}],"about":[{"href":"https:\/\/www.imligatures.com\/index.php?rest_route=\/wp\/v2\/types\/page"}],"author":[{"embeddable":true,"href":"https:\/\/www.imligatures.com\/index.php?rest_route=\/wp\/v2\/users\/3"}],"replies":[{"embeddable":true,"href":"https:\/\/www.imligatures.com\/index.php?rest_route=%2Fwp%2Fv2%2Fcomments&post=488"}],"version-history":[{"count":5,"href":"https:\/\/www.imligatures.com\/index.php?rest_route=\/wp\/v2\/pages\/488\/revisions"}],"predecessor-version":[{"id":499,"href":"https:\/\/www.imligatures.com\/index.php?rest_route=\/wp\/v2\/pages\/488\/revisions\/499"}],"wp:attachment":[{"href":"https:\/\/www.imligatures.com\/index.php?rest_route=%2Fwp%2Fv2%2Fmedia&parent=488"}],"curies":[{"name":"wp","href":"https:\/\/api.w.org\/{rel}","templated":true}]}}