{"id":548,"date":"2018-10-25T08:10:57","date_gmt":"2018-10-25T08:10:57","guid":{"rendered":"http:\/\/www.imligatures.com\/?page_id=548"},"modified":"2018-10-25T08:10:57","modified_gmt":"2018-10-25T08:10:57","slug":"jesus-nunez","status":"publish","type":"page","link":"https:\/\/www.imligatures.com\/?page_id=548","title":{"rendered":"Jes\u00fas N\u00fa\u00f1ez"},"content":{"rendered":"<p><strong>Jes\u00fas N\u00fa\u00f1ez (Saxofonista)<\/strong><\/p>\n<p><img loading=\"lazy\" decoding=\"async\" class=\"size-medium wp-image-549 alignleft\" src=\"http:\/\/www.imligatures.com\/wp-content\/uploads\/2018\/10\/JESUSMLigature-300x291.jpg\" alt=\"\" width=\"300\" height=\"291\" srcset=\"https:\/\/www.imligatures.com\/wp-content\/uploads\/2018\/10\/JESUSMLigature-300x291.jpg 300w, https:\/\/www.imligatures.com\/wp-content\/uploads\/2018\/10\/JESUSMLigature-768x745.jpg 768w, https:\/\/www.imligatures.com\/wp-content\/uploads\/2018\/10\/JESUSMLigature-1024x993.jpg 1024w, https:\/\/www.imligatures.com\/wp-content\/uploads\/2018\/10\/JESUSMLigature-1140x1106.jpg 1140w, https:\/\/www.imligatures.com\/wp-content\/uploads\/2018\/10\/JESUSMLigature-552x535.jpg 552w\" sizes=\"auto, (max-width: 300px) 100vw, 300px\" \/><\/p>\n<p style=\"text-align: justify;\">Mi experiencia con estas abrazaderas ha sido la de \u201cabrirme los ojos\u201d (y los o\u00eddos). En mi \u00e9poca de estudiante y reci\u00e9n terminada la carrera ten\u00eda la concepci\u00f3n de: \u201c\u00a1Bah! la abrazadera solo es para que la ca\u00f1a est\u00e9 puesta, una abrazadera normalita me sirve\u201d, pero aqu\u00ed estuvo mi<span class=\"Apple-converted-space\">\u00a0 <\/span>primer error. La primera vez que prob\u00e9 las abrazaderas <b>I.M.<\/b> en el Congreso Europeo de saxof\u00f3n en Ciudad Real (2014), comprend\u00ed que esto no es as\u00ed. La abrazadera te puede facilitar mucho el sonido que buscas, las emisiones, redondez en los agudos y sobreagudos\u2026 Adem\u00e1s, la concepci\u00f3n de una abrazadera sin tornillo fue para mi revolucionaria, ya que agarra perfectamente la ca\u00f1a, dej\u00e1ndola libre para su vibraci\u00f3n y con el tiempo no se pasa la rosca del tornillo, teniendo que ir apretando hasta que se rompe. Desde ese d\u00eda comenc\u00e9 a tocar con <b>Niobe<\/b>, ya que al dedicarme a la m\u00fasica contempor\u00e1nea buscaba un sonido rico en arm\u00f3nicos y los amigos de I.M. me lo proporcionaron.<\/p>\n<p style=\"text-align: justify;\">Pero aqu\u00ed est\u00e1 mi segundo error. La concepci\u00f3n de sonido es algo muy personal y depende mucho de que estilo toques o tus gustos. Personalmente siempre he buscado un sonido m\u00e1s oscuro y dulce pero que no me quitara la riqueza de arm\u00f3nicos y flexibilidad necesaria para interpretar m\u00fasica contempor\u00e1nea. Pensando que la madera de <b>brezo<\/b> me dar\u00eda el sonido deseado pero no el resto de las cualidades (como me ha pasado con otros materiales como cuero, hilo trenzado\u2026 donde siempre perd\u00eda o emisiones claras o arm\u00f3nicos) no prob\u00e9 <b>Kleos<\/b> hasta el verano de 2018 y me enamor\u00e9. Desde el primer momento en que las prob\u00e9, en todos los saxofones, me han ayudado a encontrar esa profundidad en el sonido, facilidad de emisi\u00f3n, producir con menor esfuerzo otro tipo de sonoridades como multif\u00f3nicos, distorsi\u00f3n del sonido, sobreagudos redondos, emisi\u00f3n clara y f\u00e1cil en graves\u2026<span class=\"Apple-converted-space\">\u00a0<\/span><\/p>\n<p style=\"text-align: justify;\">En I.M. Ligatures siempre est\u00e1n investigando en b\u00fasqueda del sonido que cada uno tenemos en la cabeza, para que nos sea m\u00e1s f\u00e1cil de producir y podamos estar m\u00e1s c\u00f3modos a la hora de interpretar cualquier tipo de m\u00fasica, as\u00ed que no lo dudes, prueba sus diferentes materiales y te llevar\u00e1s una grata sorpresa.<\/p>\n<p style=\"text-align: justify;\"><b>CV<\/b><\/p>\n<p style=\"text-align: justify;\">Realiza sus estudiosmusicales en el C.E.M. \u201cAndr\u00e9s Segovia\u201dde Dos Hermanas (Sevilla), C.P.M.\u201cFrancisco Guerrero\u201d y C.S.M. \u201cManuel Castillo\u201d de Sevilla. Ha ganado varios premios, tanto nacionales como internacionales. Adem\u00e1s, ha participado en diferentes festivales y ciclos de conciertos de Sevilla, C\u00e1diz, Madrid, Valencia, Badajoz, Rouen (Francia), Ljubljana (Eslovenia), Brest (Francia), Pontinvrea (Italia), Dubl\u00edn (Irlanda), Edimburgo (Reino Unido), Palmela y Oporto (Portugal), Zagreb (Croacia)\u2026<\/p>\n<p style=\"text-align: justify;\">Ha impartido clases y cursos en Sevilla, Granada, Edimburgo, C\u00e1diz, Madrid,\u00dabeda&#8230;\u00a0En la actualidad es profesor de\u00a0saxof\u00f3n en el C.S.M. \u00abManuel Castillo\u00bb de Sevilla.<\/p>\n<p style=\"text-align: justify;\">Est\u00e1 comprometido con la creaci\u00f3n de nuevo repertorio para saxof\u00f3n, trabajando con diversos compositores. Esto ha dado como fruto numerosas obras, como\u00a0Sonora\u00a0(saxof\u00f3n bajo y electr\u00f3nica) y\u00a0Obssesionel\u00a0(saxof\u00f3n tenor solista y banda sinf\u00f3nica) de Eneko Vadillo,Connecting people\u00a0(saxof\u00f3n bar\u00edtono solo) de A. Romero-Ram\u00edrez,\u00a0S.O.S. I\u00a0(saxof\u00f3n bajo y electr\u00f3nica) de Juan de Dios Garc\u00eda Aguilera,\u00a0El arte de la guerra\u00a0(quinteto de saxofones) de Nuria N\u00fa\u00f1ez,\u00a0Inmanencia II\u00a0(saxof\u00f3n bajo solo) de Francisco Mart\u00edn Quintero,\u00a0Het Lam Gods (saxof\u00f3n tenor y electr\u00f3nica) de Alberto Carretero,\u00a0Sevilla\u00a0(saxof\u00f3n alto solo) de Jordi Orts, Comala Koan\u00a0(d\u00fao de saxofones) de Jos\u00e9 del Valle,\u00a0Particle\u00a0(saxof\u00f3n alto y piano) de Orie Sato&#8230;hasta alrededor de 50 composiciones.<\/p>\n<p style=\"text-align: justify;\">Debido a su inquietud por potenciar el repertorio actual, ha grabado o colaborado envarios cd\u2019s como \u201cMonogr\u00e1fico de Fernando Villanueva\u201d, \u201cDi\u00e1logos\u201d, \u201cOpen your mind\u201d, \u201cS3\u201d&#8230; Adem\u00e1s, es miembro fundador de los grupos dedicados a la m\u00fasica contempor\u00e1nea D\u00fao SinCron\u00eda, <a href=\"http:\/\/duolisus.wixsite.com\/duolisus\">D\u00fao Lisus<\/a>, <a href=\"https:\/\/spectralsaxstyle.wixsite.com\/s3spectral\">S3-Spectral Sax Style<\/a> y de la web\u00a0\u201c<a href=\"https:\/\/saxoteca.wordpress.com\/\">Saxoteca<\/a>\u201d\u00a0(fonoteca de saxof\u00f3n contempor\u00e1neo).<\/p>\n<p style=\"text-align: justify;\"><b>P\u00e1gina web<\/b>: <a href=\"https:\/\/jngsa9.wixsite.com\/jesusnunez\">https:\/\/jngsa9.wixsite.com\/jesusnunez<\/a><\/p>\n<p style=\"text-align: justify;\"><b>D\u00fao Lisus:<\/b> <a href=\"http:\/\/duolisus.wixsite.com\/duolisus\">http:\/\/duolisus.wixsite.com\/duolisus<\/a><\/p>\n<p style=\"text-align: justify;\"><b>S3-Spectral Sax Style:<\/b> <a href=\"https:\/\/spectralsaxstyle.wixsite.com\/s3spectral\">https:\/\/spectralsaxstyle.wixsite.com\/s3spectral<\/a><\/p>\n","protected":false},"excerpt":{"rendered":"<p class=\"post-excerpt\">Jes\u00fas N\u00fa\u00f1ez (Saxofonista) Mi experiencia con estas abrazaderas ha sido la de \u201cabrirme los ojos\u201d (y los o\u00eddos). En mi&#8230;<\/p>\n","protected":false},"author":1,"featured_media":0,"parent":0,"menu_order":0,"comment_status":"closed","ping_status":"closed","template":"","meta":{"footnotes":""},"class_list":["post-548","page","type-page","status-publish","hentry"],"_links":{"self":[{"href":"https:\/\/www.imligatures.com\/index.php?rest_route=\/wp\/v2\/pages\/548","targetHints":{"allow":["GET"]}}],"collection":[{"href":"https:\/\/www.imligatures.com\/index.php?rest_route=\/wp\/v2\/pages"}],"about":[{"href":"https:\/\/www.imligatures.com\/index.php?rest_route=\/wp\/v2\/types\/page"}],"author":[{"embeddable":true,"href":"https:\/\/www.imligatures.com\/index.php?rest_route=\/wp\/v2\/users\/1"}],"replies":[{"embeddable":true,"href":"https:\/\/www.imligatures.com\/index.php?rest_route=%2Fwp%2Fv2%2Fcomments&post=548"}],"version-history":[{"count":1,"href":"https:\/\/www.imligatures.com\/index.php?rest_route=\/wp\/v2\/pages\/548\/revisions"}],"predecessor-version":[{"id":550,"href":"https:\/\/www.imligatures.com\/index.php?rest_route=\/wp\/v2\/pages\/548\/revisions\/550"}],"wp:attachment":[{"href":"https:\/\/www.imligatures.com\/index.php?rest_route=%2Fwp%2Fv2%2Fmedia&parent=548"}],"curies":[{"name":"wp","href":"https:\/\/api.w.org\/{rel}","templated":true}]}}